{"id":15976,"date":"2023-10-26T15:42:34","date_gmt":"2023-10-26T15:42:34","guid":{"rendered":"https:\/\/cleanster.ca\/?page_id=15976"},"modified":"2024-03-22T08:23:21","modified_gmt":"2024-03-22T08:23:21","slug":"homepage","status":"publish","type":"page","link":"https:\/\/cleanster.ca\/de\/startseite\/","title":{"rendered":"Startseite"},"content":{"rendered":"<h1><span style=\"color: #ffffff;\">Cleanster.com ist die beste Reinigungsdienstanwendung, um Airbnb-Reiniger zu finden und die Reinigung automatisch zu planen.<\/span><\/h1>\n<h1><span style=\"color: #ffffff;\">Ein tiefer Einblick in Ferienwohnungen und Carsharing\u201c<\/span><\/h1>\n<h3><span style=\"color: #ffffff;\"><strong>Entdecken Sie die Welt der Airbnb-Ferienwohnungen und VRBO<\/strong><\/span><\/h3>\n<h1><span style=\"color: #ffffff;\"><strong>\u00a0Das sich wandelnde Gesicht von Urlaubsaufenthalten: Airbnb und VRBO<\/strong><\/span><\/h1>\n<p><span style=\"color: #ffffff;\">Willkommen in der aufregenden Welt des modernen Reisens, in der traditionelle Hotelaufenthalte durch die Zunahme von Ferienwohnungen \u00fcber Plattformen wie Airbnb und VRBO ver\u00e4ndert werden. Vorbei sind die Zeiten, in denen Hotels die einzige Option f\u00fcr Reisende waren. Heutzutage bieten Ferienwohnungen eine einzigartige und personalisierte M\u00f6glichkeit, neue Reiseziele zu erleben. Von gem\u00fctlichen Stadtwohnungen bis hin zu weitl\u00e4ufigen Strandh\u00e4usern bieten Plattformen wie Airbnb und VRBO eine F\u00fclle von Optionen f\u00fcr jeden Reisenden.<\/span><\/p>\n<p><span style=\"color: #ffffff;\">Der entscheidende Vorteil? Ein Zuhause in der Ferne. Diese Plattformen bieten den Komfort und die Bequemlichkeit eines komplett eingerichteten Wohnraums, komplett mit K\u00fcchen, privaten Zimmern und oft einzigartigen lokalen Details, die Ihren Aufenthalt zu etwas Besonderem machen.<\/span><\/p>\n<h3><span style=\"color: #ffffff;\"><strong>Navigieren Sie zum wachsenden Trend von Turo und Air B and B Carsharing<\/strong><\/span><\/h3>\n<h1><span style=\"color: #ffffff;\"><strong>Der Aufstieg des Peer-to-Peer-Carsharing: Turo und Air B and B<\/strong><\/span><\/h1>\n<p><span style=\"color: #ffffff;\">Aber beim Reisen kommt es nicht nur darauf an, wo Sie \u00fcbernachten; Es geht auch darum, wie man sich fortbewegt. Betreten Sie die Carsharing-Dienste von Turo und Air B and B. Dieser innovative Ansatz der Autovermietung erm\u00f6glicht es Ihnen, Fahrzeuge direkt von ihren Eigent\u00fcmern zu mieten. Egal, ob Sie einen Kleinwagen f\u00fcr den Stadtverkehr oder einen SUV f\u00fcr einen Familienausflug ben\u00f6tigen, Turo und Air B and B bieten eine Reihe von Optionen.<\/span><\/p>\n<p><span style=\"color: #ffffff;\">Was zeichnet diese Dienste aus? Flexibilit\u00e4t und Personalisierung. Sie mieten nicht nur ein Auto; Sie erhalten ein Fahrzeug, das sich pers\u00f6nlich anf\u00fchlt, oft mit Empfehlungen und Erkenntnissen vom Besitzer selbst. Au\u00dferdem ist es oft g\u00fcnstiger als herk\u00f6mmliche Autovermietungsdienste.<\/span><\/p>\n<h3><span style=\"color: #ffffff;\"><strong>Vbro vs. Airbnb-Ferienwohnungen: Ein umfassender Vergleich<\/strong><\/span><\/h3>\n<h1><span style=\"color: #ffffff;\"><strong>\u00a0Vergleich der Top-Plattformen f\u00fcr Ferienunterk\u00fcnfte: Was ist das Beste f\u00fcr Ihre Reise?<\/strong><\/span><\/h1>\n<p><span style=\"color: #ffffff;\">Bei so vielen Optionen kann die Auswahl der richtigen Ferienvermietungsplattform \u00fcberw\u00e4ltigend sein. Vergleichen wir Vbro (oft mit VRBO verwechselt) und Airbnb. Obwohl beide Plattformen ein breites Spektrum an Eigenschaften bieten, gibt es einige Unterschiede.<\/span><\/p>\n<p><span style=\"color: #ffffff;\">Airbnb ist f\u00fcr sein vielf\u00e4ltiges Angebot bekannt, von Mehrbettzimmern bis hin zu Luxusunterk\u00fcnften. Vbro hingegen konzentriert sich haupts\u00e4chlich auf die Vermietung kompletter Immobilien und ist daher eine Anlaufstelle f\u00fcr Familien und gr\u00f6\u00dfere Gruppen. Auch die Preisstrukturen variieren, wobei Airbnb flexiblere Preisoptionen bietet und Vbro oft mehr Premium-Inserate anbietet.<\/span><\/p>\n<p><span style=\"color: #ffffff;\">Als erfahrener Immobilienverwalter und gastfreundlicher Airbnb-Gastgeber melde ich mich regelm\u00e4\u00dfig bei meinen Airbnb- und VRBO-Konten an, um mein vielf\u00e4ltiges Portfolio an Ferienunterk\u00fcnften zu verwalten, darunter charmante Airbnb-Ferienunterk\u00fcnfte in San Diego, luxuri\u00f6se VRBO-Immobilien in Florida und ein exklusives VRBO-Refugium auf Hawaii auch Nutzung von IGMS f\u00fcr eine effiziente Immobilienverwaltung; Ich stelle sicher, dass jede Unterkunft, egal ob es sich um eine gem\u00fctliche Airbnb-H\u00fctte in Asheville oder ein VRBO-Haus am Strand in Maine handelt, mit den besten Reinigungsprodukten und professionellen Reinigungsdiensten den h\u00f6chsten Standards entspricht. Ich \u00fcberpr\u00fcfe regelm\u00e4\u00dfig Airbnb- und VRBO-Bewertungen auf G\u00e4stefeedback und ziehe sogar weitere in Betracht Angebote wie \u00dcberwachungskameras im Freien f\u00fcr mehr Sicherheit, w\u00e4hrend ich gleichzeitig Veranstaltungen wie C2E2 Chicago oder die Miramar Air Show im Auge behalte, um meine Mietstrategien anzupassen, und manchmal bei Turo nach einzigartigen Mietwagenoptionen f\u00fcr meine G\u00e4ste st\u00f6bere, um jeden Aufenthalt von einem Airbnb aus sicherzustellen Der Aufenthalt im gesch\u00e4ftigen Chicago in einem ruhigen VRBO in Costa Rica ist unvergesslich und komfortabel.<\/span><\/p>\n<p><span style=\"color: #ffffff;\">In meiner Rolle als engagierter Airbnb-Gastgeber und VRBO-Immobilienverwalter \u00fcbernehme ich h\u00e4ufig eine Vielzahl von Aufgaben, von der Gew\u00e4hrleistung einwandfreier Reinigungsdienste in meiner N\u00e4he f\u00fcr meine Airbnb-Anmietungen an lebhaften Standorten wie Airbnb Miami, Airbnb Las Vegas und Airbnb Chicago bis hin zur Verwaltung der Airbnb-Anmeldevorgang und die Beantwortung von Anfragen zu monatlichen Airbnb-Anmietungen; Ich w\u00e4hle sorgf\u00e4ltig die besten Reinigungsmittel f\u00fcr jeden VRBO-Login aus, einschlie\u00dflich meiner Immobilien in VRBO Costa Rica und VRBO Michigan, und halte mich immer \u00fcber die neuesten Reinigungstipps und besten Staubsauger auf dem Laufenden, um die h\u00f6chsten Sauberkeitsstandards aufrechtzuerhalten, egal ob es sich um einen VRBO Maine handelt Inserat oder ein Airbnb-Apartment in San Diego, w\u00e4hrend Sie gleichzeitig VRBO-Inhaber-Login und Airbnb-Inhaber-Login verwenden, um Buchungen zu verfolgen, insbesondere bei stark nachgefragten Veranstaltungen wie dem Epcot Food and Wine Festival, der Gasparilla-Parade oder C2E2 in Chicago, und die Kommunikation mit dem Haus aufrechtzuerhalten Reinigungskr\u00e4fte in meiner N\u00e4he sorgen daf\u00fcr, dass jede Unterkunft, einschlie\u00dflich der auf Airbnb Key West oder VRBO Asheville NC, in einem Top-Zustand ist und G\u00e4sten ein unvergleichliches Erlebnis bietet, egal ob sie in einer Airbnb-Unterkunft in Austin \u00fcbernachten oder Optionen wie Airbnb London England erkunden Ich vereinbare meine Aufgaben als Airbnb-Immobilienverwalter und nutze Plattformen wie Lodgify und Mashvisor, um Abl\u00e4ufe zu rationalisieren und meine Airbnb- und VRBO-Inserate f\u00fcr eine bessere Leistung zu optimieren.<\/span><\/p>\n<p>&nbsp;<\/p>\n<p>&nbsp;<\/p>\n<h3><span style=\"color: #ffffff;\"><strong>Verbessern Sie Ihre Reise: Die Vorteile von Turo und Air B and B<\/strong><\/span><\/h3>\n<h1><span style=\"color: #ffffff;\"><strong>Maximieren Sie Ihr Reiseerlebnis mit Carsharing<\/strong><\/span><\/h1>\n<p><span style=\"color: #ffffff;\">Beim Carsharing geht es nicht nur um Bequemlichkeit; Es geht darum, Ihr Reiseerlebnis zu verbessern. Dienste wie Turo und Air B and B erm\u00f6glichen es Ihnen, ein Auto auszuw\u00e4hlen, das Ihren spezifischen Bed\u00fcrfnissen und Ihrem Stil entspricht. Das Fahren eines Autos, das Sie lieben, kann Ihre Reise angenehmer machen. Dar\u00fcber hinaus bieten diese Plattformen h\u00e4ufig Autos an, die \u00fcber herk\u00f6mmliche Vermietungsagenturen nicht erh\u00e4ltlich sind, von Oldtimer-Klassikern bis hin zu den neuesten Elektromodellen.<\/span><\/p>\n<p><span style=\"color: #ffffff;\">Auf meiner weitreichenden Reise als Airbnb- und VRBO-Immobilienverwalter habe ich mein Portfolio um verschiedene Angebote wie Airbnb-Immobilien in Gro\u00dfbritannien, VRBO-Apartments in London und einzigartige Aufenthalte in Airbnb Asheville NC erweitert und gleichzeitig VRBO-Penth\u00e4user in New York und Airbnb-Strand in Florida verwaltet H\u00e4user, wobei sichergestellt wird, dass jedes mit den besten intelligenten Schl\u00f6ssern und den wichtigsten K\u00fcchenutensilien ausgestattet ist; Zu meinen Aufgaben geh\u00f6rt die \u00dcberwachung der Airbnb-Reinigungsdienste an verschiedenen Standorten, von Airbnb Colorado Springs bis Airbnb Tampa. Dabei stelle ich sicher, dass jede Immobilie, egal ob es sich um eine Airbnb-Eigentumswohnung in Austin, Texas, oder eine abgelegene VRBO-Bergh\u00fctte in Utah handelt, erstklassige Hausreinigungsdienste in meiner N\u00e4he erh\u00e4lt. und ich bleibe mit der Airbnb-Community in Verbindung, indem Airbnb Foren und Veranstaltungen wie den Nashville Marathon veranstaltet, meine Airbnb-Anmeldeinformationen aus Sicherheitsgr\u00fcnden st\u00e4ndig aktualisiere und die Websites von Airbnb-Konkurrenten im Auge behalte; Ich sondiere auch M\u00f6glichkeiten zur Erweiterung, wie z. B. die \u00dcberlegung, Airbnb-Monatsmieten in Airbnb San Diego, Kalifornien, oder Airbnb Santa Barbara in Betracht zu ziehen. Dabei stelle ich stets sicher, dass jede Airbnb- und VRBO-Unterkunft, egal, ob es sich um ein Airbnb-Haus in Boston oder eine VRBO-Villa in Costa Rica handelt, dem entspricht Neueste Standards f\u00fcr Ferienunterk\u00fcnfte, Nutzung des Airbnb-Gastgeber-Logins, um Bewertungen zu pr\u00fcfen und umgehend auf G\u00e4steanfragen zu reagieren, w\u00e4hrend Sie gleichzeitig mit Tools wie OwnerRez und IGMS durch die Komplexit\u00e4t der Immobilienverwaltung navigieren und \u00fcber lokale Veranstaltungen wie die Colorado Springs Events oder das Epcot Food informiert bleiben und Wine Festival, um meine Vermietungsstrategien entsprechend anzupassen. In meiner vielseitigen Rolle als Airbnb- und VRBO-Gastgeber aktualisiere ich st\u00e4ndig meine Unterk\u00fcnfte, darunter ein vielseitiges Airbnb-Cottage in Charleston SC und ein ger\u00e4umiges VRBO-Haus am Strand in Destin, und stelle sicher, dass sie mit \u00dcberwachungskameras im Freien ausgestattet sind und von den besten Reinigungsdiensten in meiner N\u00e4he gereinigt werden , w\u00e4hrend wir uns gleichzeitig \u00fcber Airbnb-Bewertungen und VRBO-Bewertungen auf dem Laufenden halten, um eine hohe G\u00e4stezufriedenheit aufrechtzuerhalten; Ich bleibe \u00fcber Veranstaltungen wie den Nashville Marathon und das Epcot Food and Wine Festival auf dem Laufenden, die die Mietnachfrage f\u00fcr meine Inserate auf Airbnb Atlanta und VRBO Wisconsin beeinflussen, und melde mich regelm\u00e4\u00dfig bei meinem Airbnb-Inhaber-Login und VRBO-Inhaber-Login an, um Buchungen zu verwalten und Reinigungstipps zu \u00fcberpr\u00fcfen. Sicherstellen, dass Unterk\u00fcnfte wie mein Airbnb Savannah und mein VRBO Asheville NC den Anforderungen entsprechen und \u00fcber die besten Reinigungsprodukte und Dienstleistungen von Reinigungskr\u00e4ften in meiner N\u00e4he verf\u00fcgen; Zu meinen Aufgaben geh\u00f6rt es auch, mit Plattformen wie Lodgify f\u00fcr eine effiziente Verwaltung zusammenzuarbeiten, Airbnb-M\u00f6glichkeiten f\u00fcr monatliche Mieten an lebhaften Orten wie Airbnb San Diego CA und Airbnb Santa Barbara zu erkunden und \u00fcber die Installation der besten intelligenten Schl\u00f6sser f\u00fcr meine Airbnb-Unterk\u00fcnfte in Austin und VRBO Maine nachzudenken Gleichzeitig wird sichergestellt, dass jeder Aufenthalt, sei es in einer Airbnb-Wohnung direkt am Strand in Miami oder in einer gem\u00fctlichen VRBO-H\u00fctte in Utah, f\u00fcr jeden Gast ein unvergessliches und sicheres Erlebnis bietet.<\/span><\/p>\n<p>&nbsp;<\/p>\n<h3><span style=\"color: #ffffff;\"><strong>Die sich entwickelnde Reiselandschaft: Vermietungs- und Sharing-Plattformen<\/strong><\/span><\/h3>\n<h1><span style=\"color: #ffffff;\"><strong>Fazit: Die Zukunft des Reisens annehmen<\/strong><\/span><\/h1>\n<p><span style=\"color: #ffffff;\">Wenn wir in die Zukunft blicken, wird deutlich, dass sich die Reiselandschaft rasant weiterentwickelt. Ferienvermietungs- und Carsharing-Plattformen wie Airbnb, VRBO, Turo und Air B and B stehen an der Spitze dieses Wandels. Sie bieten Reisenden beispiellose Flexibilit\u00e4t, Vielfalt und Personalisierung.<\/span><\/p>\n<p><span style=\"color: #ffffff;\">In der Reisebranche geht es nicht mehr nur darum, von A nach B zu kommen oder einen Schlafplatz zu finden. Es geht darum, ein Erlebnis zu schaffen, das so einzigartig ist wie jeder Reisende. Mit diesen Plattformen sind die M\u00f6glichkeiten endlos und die Zukunft des Reisens sieht rosiger und aufregender aus als je zuvor.<\/span><\/p>\n<p>&nbsp;<\/p>\n<p>&nbsp;<\/p>","protected":false},"excerpt":{"rendered":"<p>Cleanster.com is the best cleaning service application for finding airbnb cleaners and schedule cleaning automatically. A Deep Dive into Vacation Rentals and Car Sharing&#8221; Exploring the World of Airbnb Vacation Rentals and VRBO \u00a0The Changing Face of Vacation Stays: Airbnb and VRBO Welcome to the exciting world of modern travel, where the traditional hotel stays [&hellip;]<\/p>\n","protected":false},"author":1,"featured_media":0,"parent":0,"menu_order":0,"comment_status":"closed","ping_status":"closed","template":"templates\/index.php","meta":{"_acf_changed":false,"footnotes":""},"class_list":["post-15976","page","type-page","status-publish","hentry","entry"],"acf":[],"aioseo_notices":[],"_links":{"self":[{"href":"https:\/\/cleanster.ca\/de\/wp-json\/wp\/v2\/pages\/15976","targetHints":{"allow":["GET"]}}],"collection":[{"href":"https:\/\/cleanster.ca\/de\/wp-json\/wp\/v2\/pages"}],"about":[{"href":"https:\/\/cleanster.ca\/de\/wp-json\/wp\/v2\/types\/page"}],"author":[{"embeddable":true,"href":"https:\/\/cleanster.ca\/de\/wp-json\/wp\/v2\/users\/1"}],"replies":[{"embeddable":true,"href":"https:\/\/cleanster.ca\/de\/wp-json\/wp\/v2\/comments?post=15976"}],"version-history":[{"count":0,"href":"https:\/\/cleanster.ca\/de\/wp-json\/wp\/v2\/pages\/15976\/revisions"}],"wp:attachment":[{"href":"https:\/\/cleanster.ca\/de\/wp-json\/wp\/v2\/media?parent=15976"}],"curies":[{"name":"wp","href":"https:\/\/api.w.org\/{rel}","templated":true}]}}