{"id":15976,"date":"2023-10-26T15:42:34","date_gmt":"2023-10-26T15:42:34","guid":{"rendered":"https:\/\/cleanster.ca\/?page_id=15976"},"modified":"2024-03-22T08:23:21","modified_gmt":"2024-03-22T08:23:21","slug":"homepage","status":"publish","type":"page","link":"https:\/\/cleanster.ca\/fr\/page-daccueil\/","title":{"rendered":"Page d&#039;accueil"},"content":{"rendered":"<h1><span style=\"color: #ffffff;\">Cleanster.com est la meilleure application de service de nettoyage pour trouver des nettoyeurs Airbnb et planifier le nettoyage automatiquement.<\/span><\/h1>\n<h1><span style=\"color: #ffffff;\">Une plong\u00e9e approfondie dans les locations de vacances et le covoiturage \u00bb<\/span><\/h1>\n<h3><span style=\"color: #ffffff;\"><strong>Explorer le monde des locations de vacances Airbnb et VRBO<\/strong><\/span><\/h3>\n<h1><span style=\"color: #ffffff;\"><strong>\u00a0Le visage changeant des s\u00e9jours de vacances\u00a0: Airbnb et VRBO<\/strong><\/span><\/h1>\n<p><span style=\"color: #ffffff;\">Bienvenue dans le monde passionnant du voyage moderne, o\u00f9 les s\u00e9jours h\u00f4teliers traditionnels sont transform\u00e9s par l&#039;essor des locations de vacances via des plateformes comme Airbnb et VRBO. Il est r\u00e9volu le temps o\u00f9 les h\u00f4tels \u00e9taient la seule option pour les voyageurs. Aujourd&#039;hui, les locations de vacances offrent une mani\u00e8re unique et personnalis\u00e9e de d\u00e9couvrir de nouvelles destinations. Des appartements confortables en ville aux vastes maisons en bord de mer, des plateformes comme Airbnb et VRBO offrent une multitude d&#039;options pour chaque type de voyageur.<\/span><\/p>\n<p><span style=\"color: #ffffff;\">Le principal avantage ? Un habitat loin du domicile. Ces plates-formes offrent le confort et la commodit\u00e9 d&#039;un espace de vie enti\u00e8rement meubl\u00e9, dot\u00e9 de cuisines, de chambres priv\u00e9es et souvent de touches locales uniques qui rendent votre s\u00e9jour sp\u00e9cial.<\/span><\/p>\n<h3><span style=\"color: #ffffff;\"><strong>Naviguer dans la tendance croissante du partage de voitures Turo et Air B and B<\/strong><\/span><\/h3>\n<h1><span style=\"color: #ffffff;\"><strong>L\u2019essor du covoiturage peer-to-peer\u00a0: Turo et Air B and B<\/strong><\/span><\/h1>\n<p><span style=\"color: #ffffff;\">Mais voyager ne se limite pas \u00e0 l&#039;endroit o\u00f9 vous s\u00e9journez ; il s&#039;agit aussi de la fa\u00e7on dont vous vous d\u00e9placez. Entrez dans les services d&#039;autopartage de Turo et Air B and B. Cette approche innovante de la location de voitures vous permet de louer des v\u00e9hicules directement aupr\u00e8s de leurs propri\u00e9taires. Que vous ayez besoin d&#039;une voiture compacte pour rouler en ville ou d&#039;un SUV pour un road trip en famille, Turo et Air B and B vous offrent une gamme d&#039;options.<\/span><\/p>\n<p><span style=\"color: #ffffff;\">Qu\u2019est-ce qui diff\u00e9rencie ces services ? Flexibilit\u00e9 et personnalisation. Vous ne louez pas seulement une voiture\u00a0; vous obtenez un v\u00e9hicule qui vous semble personnel, souvent avec des recommandations et des id\u00e9es du propri\u00e9taire lui-m\u00eame. De plus, c&#039;est souvent plus abordable que les services de location de voitures traditionnels.<\/span><\/p>\n<h3><span style=\"color: #ffffff;\"><strong>Locations de vacances Vbro vs Airbnb\u00a0: une comparaison compl\u00e8te<\/strong><\/span><\/h3>\n<h1><span style=\"color: #ffffff;\"><strong>\u00a0Comparaison des meilleures plateformes de location de vacances\u00a0: quelle est la meilleure solution pour votre voyage\u00a0?<\/strong><\/span><\/h1>\n<p><span style=\"color: #ffffff;\">Avec autant d\u2019options, choisir la bonne plateforme de location de vacances peut s\u2019av\u00e9rer difficile. Comparons Vbro (souvent confondu avec VRBO) et Airbnb. Bien que les deux plateformes offrent un large \u00e9ventail de propri\u00e9t\u00e9s, il existe quelques diff\u00e9rences.<\/span><\/p>\n<p><span style=\"color: #ffffff;\">Airbnb est connu pour ses offres diversifi\u00e9es, des chambres partag\u00e9es aux maisons de luxe. Vbro, quant \u00e0 lui, se concentre principalement sur la location de propri\u00e9t\u00e9s enti\u00e8res, ce qui en fait une destination incontournable pour les familles et les grands groupes. Les structures tarifaires varient \u00e9galement, Airbnb offrant des options de tarification plus flexibles et Vbro proposant souvent des annonces plus premium.<\/span><\/p>\n<p><span style=\"color: #ffffff;\">En tant que gestionnaire immobilier chevronn\u00e9 et h\u00f4te Airbnb hospitalier, je me connecte r\u00e9guli\u00e8rement \u00e0 mes comptes Airbnb et VRBO pour g\u00e9rer mon portefeuille diversifi\u00e9 de locations de vacances, y compris de charmantes locations de vacances Airbnb \u00e0 San Diego, de luxueuses propri\u00e9t\u00e9s VRBO en Floride et une retraite exclusive VRBO \u00e0 Hawa\u00ef, tout en utiliser \u00e9galement IGMS pour une gestion immobili\u00e8re efficace\u00a0; Je m&#039;assure que chaque propri\u00e9t\u00e9, qu&#039;il s&#039;agisse d&#039;une cabane confortable Airbnb \u00e0 Asheville ou d&#039;une maison VRBO en bord de mer dans le Maine, est entretenue selon les normes les plus \u00e9lev\u00e9es avec les meilleurs produits de nettoyage et des services de nettoyage professionnels, en v\u00e9rifiant fr\u00e9quemment les avis Airbnb et VRBO pour conna\u00eetre les commentaires des clients, et m\u00eame en envisageant des des offres telles que des cam\u00e9ras de s\u00e9curit\u00e9 ext\u00e9rieures pour une s\u00e9curit\u00e9 accrue, tout en gardant un \u0153il sur des \u00e9v\u00e9nements comme le C2E2 de Chicago ou le spectacle a\u00e9ronautique de Miramar pour ajuster mes strat\u00e9gies de location, et en parcourant parfois Turo pour des options de location de voiture uniques pour mes invit\u00e9s, garantissant chaque s\u00e9jour, depuis un Airbnb s\u00e9journer dans la ville anim\u00e9e de Chicago dans un VRBO serein au Costa Rica, est m\u00e9morable et confortable.<\/span><\/p>\n<p><span style=\"color: #ffffff;\">Dans mon r\u00f4le d&#039;h\u00f4te Airbnb d\u00e9di\u00e9 et de gestionnaire immobilier VRBO, je m&#039;engage fr\u00e9quemment dans diverses t\u00e2ches, allant d&#039;assurer des services de nettoyage impeccables pr\u00e8s de chez moi pour mes locations Airbnb dans des endroits dynamiques comme Airbnb Miami, Airbnb Las Vegas et Airbnb Chicago, \u00e0 la gestion le processus de connexion Airbnb et le traitement des demandes de renseignements concernant les locations mensuelles Airbnb\u00a0; Je s\u00e9lectionne m\u00e9ticuleusement les meilleurs produits de nettoyage pour chaque connexion VRBO, y compris mes propri\u00e9t\u00e9s \u00e0 VRBO Costa Rica et VRBO Michigan, et je reste toujours \u00e0 jour avec les derniers conseils de nettoyage et les meilleurs aspirateurs pour respecter les normes de propret\u00e9 les plus \u00e9lev\u00e9es, que ce soit pour un VRBO Maine. ou un appartement Airbnb \u00e0 San Diego, tout en utilisant \u00e9galement la connexion du propri\u00e9taire VRBO et la connexion du propri\u00e9taire Airbnb pour suivre les r\u00e9servations, en particulier lors d&#039;\u00e9v\u00e9nements \u00e0 forte demande comme le festival Epcot Food and Wine, le d\u00e9fil\u00e9 Gasparilla ou le C2E2 \u00e0 Chicago, et en maintenant la communication avec la maison. des nettoyeurs \u00e0 proximit\u00e9 pour garantir que chaque propri\u00e9t\u00e9, y compris celles sur Airbnb Key West ou VRBO Asheville NC, est en parfait \u00e9tat, offrant aux clients une exp\u00e9rience in\u00e9gal\u00e9e, qu&#039;ils s\u00e9journent dans une location Airbnb \u00e0 Austin ou qu&#039;ils explorent des options comme Airbnb Londres Angleterre, tout en \u00e9quilibrer mes responsabilit\u00e9s en tant que gestionnaire immobilier Airbnb et utiliser des plateformes telles que Lodgify et Mashvisor pour rationaliser les op\u00e9rations et optimiser mes annonces Airbnb et VRBO pour de meilleures performances.<\/span><\/p>\n<p>&nbsp;<\/p>\n<p>&nbsp;<\/p>\n<h3><span style=\"color: #ffffff;\"><strong>Am\u00e9liorer votre voyage\u00a0: les avantages de Turo et Air B and B<\/strong><\/span><\/h3>\n<h1><span style=\"color: #ffffff;\"><strong>Maximiser votre exp\u00e9rience de voyage avec le covoiturage<\/strong><\/span><\/h1>\n<p><span style=\"color: #ffffff;\">Le covoiturage n\u2019est pas seulement une question de commodit\u00e9 ; il s&#039;agit d&#039;am\u00e9liorer votre exp\u00e9rience de voyage. Des services comme Turo et Air B and B vous permettent de choisir une voiture qui correspond \u00e0 vos besoins et \u00e0 votre style sp\u00e9cifiques. Conduire une voiture que vous aimez peut rendre votre voyage plus agr\u00e9able. De plus, ces plateformes proposent souvent des voitures qui ne sont pas disponibles aupr\u00e8s des agences de location traditionnelles, des classiques vintage aux derniers mod\u00e8les \u00e9lectriques.<\/span><\/p>\n<p><span style=\"color: #ffffff;\">Au cours de mon vaste parcours en tant que gestionnaire immobilier Airbnb et VRBO, j&#039;ai \u00e9largi mon portefeuille pour inclure diverses offres telles que les propri\u00e9t\u00e9s Airbnb UK, les appartements VRBO Londres et les s\u00e9jours uniques \u00e0 Airbnb Asheville NC, tout en g\u00e9rant \u00e9galement les penthouses VRBO New York et la plage Airbnb Florida. maisons, en veillant \u00e0 ce que chacune soit \u00e9quip\u00e9e des meilleures serrures intelligentes et \u00e9quip\u00e9e des \u00e9l\u00e9ments essentiels de la cuisine\u00a0; mes responsabilit\u00e9s s&#039;\u00e9tendent \u00e0 la supervision des services de nettoyage Airbnb dans divers endroits, d&#039;Airbnb Colorado Springs \u00e0 Airbnb Tampa, en veillant \u00e0 ce que chaque propri\u00e9t\u00e9, qu&#039;il s&#039;agisse d&#039;un condo Airbnb au centre-ville d&#039;Austin TX ou d&#039;un chalet de montagne VRBO Utah \u00e9loign\u00e9, re\u00e7oive des services de nettoyage de premier ordre pr\u00e8s de chez moi, et je reste connect\u00e9 avec la communaut\u00e9 Airbnb via l&#039;h\u00e9bergement de forums et d&#039;\u00e9v\u00e9nements Airbnb comme le marathon de Nashville, la mise \u00e0 jour constante de mes informations de connexion Airbnb pour des raisons de s\u00e9curit\u00e9 et la surveillance des sites concurrents d&#039;Airbnb\u00a0; J&#039;explore \u00e9galement les opportunit\u00e9s d&#039;expansion, comme envisager des locations mensuelles Airbnb sur Airbnb San Diego CA ou Airbnb Santa Barbara, en m&#039;assurant toujours que chaque propri\u00e9t\u00e9 Airbnb et VRBO, qu&#039;il s&#039;agisse d&#039;une maison Airbnb Boston ou d&#039;une villa VRBO Costa Rica, est \u00e0 la hauteur. les derni\u00e8res normes de location de vacances, en utilisant la connexion de l&#039;h\u00f4te Airbnb pour v\u00e9rifier les avis et r\u00e9pondre rapidement aux demandes des clients, tout en naviguant dans les complexit\u00e9s de la gestion immobili\u00e8re avec des outils comme OwnerRez et IGMS, et en restant inform\u00e9 des \u00e9v\u00e9nements locaux comme les \u00e9v\u00e9nements de Colorado Springs ou Epcot Food. et F\u00eate du Vin pour ajuster mes strat\u00e9gies de location en cons\u00e9quence. Dans mon r\u00f4le aux multiples facettes en tant qu&#039;h\u00f4te Airbnb et VRBO, je mets constamment \u00e0 jour mes propri\u00e9t\u00e9s, y compris un cottage \u00e9clectique Airbnb Charleston SC et une spacieuse maison VRBO Destin en bord de mer, en m&#039;assurant qu&#039;elles sont \u00e9quip\u00e9es de cam\u00e9ras de s\u00e9curit\u00e9 ext\u00e9rieures et nettoy\u00e9es par les meilleurs services de m\u00e9nage pr\u00e8s de chez moi. , tout en se tenant au courant des avis Airbnb et VRBO pour maintenir une satisfaction \u00e9lev\u00e9e des clients\u00a0; Je reste inform\u00e9 des \u00e9v\u00e9nements tels que le marathon de Nashville et l&#039;Epcot Food and Wine Festival, qui influencent la demande de location pour mes annonces Airbnb Atlanta et VRBO Wisconsin, et je me connecte r\u00e9guli\u00e8rement \u00e0 mon identifiant de propri\u00e9taire Airbnb et \u00e0 mon identifiant de propri\u00e9taire VRBO pour g\u00e9rer les r\u00e9servations et consulter les conseils de nettoyage, m&#039;assurer que des propri\u00e9t\u00e9s comme mon Airbnb Savannah et VRBO Asheville NC sont \u00e0 la hauteur, avec les meilleurs produits et services de nettoyage propos\u00e9s par des nettoyeurs pr\u00e8s de chez moi\u00a0; mes t\u00e2ches impliquent \u00e9galement de collaborer avec des plateformes comme Lodgify pour une gestion efficace, d&#039;explorer les opportunit\u00e9s de location mensuelle Airbnb dans des lieux dynamiques comme Airbnb San Diego CA et Airbnb Santa Barbara, et d&#039;envisager l&#039;installation des meilleures serrures intelligentes pour mes propri\u00e9t\u00e9s Airbnb Austin et VRBO Maine, le tout tout en garantissant que chaque s\u00e9jour, qu&#039;il s&#039;agisse d&#039;un condo Airbnb en bord de mer \u00e0 Miami ou d&#039;une cabine confortable VRBO Utah, offre une exp\u00e9rience m\u00e9morable et s\u00e9curis\u00e9e \u00e0 chaque voyageur.<\/span><\/p>\n<p>&nbsp;<\/p>\n<h3><span style=\"color: #ffffff;\"><strong>Le paysage en \u00e9volution du voyage\u00a0: locations et plateformes de partage<\/strong><\/span><\/h3>\n<h1><span style=\"color: #ffffff;\"><strong>Conclusion\u00a0: embrasser l&#039;avenir du voyage<\/strong><\/span><\/h1>\n<p><span style=\"color: #ffffff;\">Si nous regardons vers l\u2019avenir, il est clair que le paysage du voyage \u00e9volue rapidement. Les plateformes de location de vacances et d\u2019autopartage comme Airbnb, VRBO, Turo et Air B and B sont \u00e0 l\u2019avant-garde de ce changement. Ils offrent aux voyageurs une flexibilit\u00e9, une vari\u00e9t\u00e9 et une personnalisation sans pr\u00e9c\u00e9dent.<\/span><\/p>\n<p><span style=\"color: #ffffff;\">L\u2019industrie du voyage ne consiste plus seulement \u00e0 se rendre d\u2019un point A \u00e0 un point B ou \u00e0 trouver un endroit o\u00f9 dormir. Il s&#039;agit de cr\u00e9er une exp\u00e9rience aussi unique que chaque voyageur. Avec ces plateformes, les possibilit\u00e9s sont infinies et l\u2019avenir du voyage s\u2019annonce plus prometteur et plus excitant que jamais.<\/span><\/p>\n<p>&nbsp;<\/p>\n<p>&nbsp;<\/p>","protected":false},"excerpt":{"rendered":"<p>Cleanster.com is the best cleaning service application for finding airbnb cleaners and schedule cleaning automatically. A Deep Dive into Vacation Rentals and Car Sharing&#8221; Exploring the World of Airbnb Vacation Rentals and VRBO \u00a0The Changing Face of Vacation Stays: Airbnb and VRBO Welcome to the exciting world of modern travel, where the traditional hotel stays [&hellip;]<\/p>\n","protected":false},"author":1,"featured_media":0,"parent":0,"menu_order":0,"comment_status":"closed","ping_status":"closed","template":"templates\/index.php","meta":{"_acf_changed":false,"footnotes":""},"class_list":["post-15976","page","type-page","status-publish","hentry","entry"],"acf":[],"aioseo_notices":[],"_links":{"self":[{"href":"https:\/\/cleanster.ca\/fr\/wp-json\/wp\/v2\/pages\/15976","targetHints":{"allow":["GET"]}}],"collection":[{"href":"https:\/\/cleanster.ca\/fr\/wp-json\/wp\/v2\/pages"}],"about":[{"href":"https:\/\/cleanster.ca\/fr\/wp-json\/wp\/v2\/types\/page"}],"author":[{"embeddable":true,"href":"https:\/\/cleanster.ca\/fr\/wp-json\/wp\/v2\/users\/1"}],"replies":[{"embeddable":true,"href":"https:\/\/cleanster.ca\/fr\/wp-json\/wp\/v2\/comments?post=15976"}],"version-history":[{"count":0,"href":"https:\/\/cleanster.ca\/fr\/wp-json\/wp\/v2\/pages\/15976\/revisions"}],"wp:attachment":[{"href":"https:\/\/cleanster.ca\/fr\/wp-json\/wp\/v2\/media?parent=15976"}],"curies":[{"name":"wp","href":"https:\/\/api.w.org\/{rel}","templated":true}]}}