{"id":5979,"date":"2022-10-25T23:26:56","date_gmt":"2022-10-25T23:26:56","guid":{"rendered":"http:\/\/cleanster.ca\/?page_id=5979"},"modified":"2024-01-08T05:42:32","modified_gmt":"2024-01-08T05:42:32","slug":"airbnb-cleaning-in-toronto-on","status":"publish","type":"page","link":"https:\/\/cleanster.ca\/fr\/nettoyage-airbnb-a-toronto-sur\/","title":{"rendered":"Nettoyage Airbnb \u00e0 Toronto, ON"},"content":{"rendered":"<h2><span style=\"color: #ffffff;\"><span style=\"font-weight: 400;\">App for Airbnb cleaning service in <\/span><span style=\"font-weight: 400;\">Toronto, Ontario<\/span><\/span><\/h2>\n<p><span style=\"color: #ffffff;\"><span style=\"font-weight: 400;\">Keep your property clean and organized so you can increase your client&#8217;s rating or review by using our Airbnb cleaning app in <\/span><span style=\"font-weight: 400;\">Toronto, Ontario<\/span><b>. <\/b><span style=\"font-weight: 400;\">En utilisant le<\/span><a style=\"color: #ffffff;\" href=\"https:\/\/cleanster.ca\/\"> Cleanster.com<span style=\"font-weight: 400;\">\u00a0app<\/span><\/a><span style=\"font-weight: 400;\"> pour l&#039;application de nettoyage Airbnb, vous pouvez obtenir un excellent nettoyage de qualit\u00e9 professionnelle pour votre logement afin de garantir que vos clients sont satisfaits de votre professionnalisme d&#039;h\u00e9bergement. En tant qu&#039;entrepreneur ou propri\u00e9taire, d\u00e9marrer votre entreprise avec le <a style=\"color: #ffffff;\" href=\"https:\/\/cleanster.ca\/\">Cleanster.com<\/a> app would benefit you, and it can be a good choice for your business. The Cleanster.com <\/span>L&#039;application rend les choses faciles et garde tout professionnel. <span style=\"font-weight: 400;\">Maintenant, nous servons l&#039;ensemble<\/span> <a style=\"color: #ffffff;\" href=\"https:\/\/en.wikipedia.org\/wiki\/Toronto\"><span style=\"font-weight: 400;\">Toronto, ON.<\/span><\/a><\/span><\/p>\n<p><span style=\"color: #ffffff;\"><span style=\"font-weight: 400;\">So if you are looking for Airbnb Cleaning in <\/span><span style=\"font-weight: 400;\">Toronto, Ontario<\/span><b>, don&#8217;t<\/b><span style=\"font-weight: 400;\">\u00a0hesitate.<\/span><\/span><\/p>\n<h2><span style=\"font-weight: 400; color: #ffffff;\">Airbnb Cleaning Jobs App<\/span><\/h2>\n<p><span style=\"color: #ffffff;\"><b>Airbnb housekeeping&#8217;s job<\/b><span style=\"font-weight: 400;\"> est de nettoyer votre propri\u00e9t\u00e9 en utilisant des produits et des proc\u00e9d\u00e9s de nettoyage uniques.<\/span><\/span><\/p>\n<p><span style=\"font-weight: 400; color: #ffffff;\">Cela vous aidera \u00e0 respecter votre planning.<\/span><\/p>\n<p><span style=\"font-weight: 400; color: #ffffff;\">\u00a0Vous pouvez effectuer des inspections immobili\u00e8res mobiles pour faire gagner du temps \u00e0 vos gestionnaires immobiliers sur les locations de vacances.\u00a0<\/span><\/p>\n<p><span style=\"font-weight: 400; color: #ffffff;\">Vous pouvez int\u00e9grer vos ic\u00f4nes de statut pour suivre les notes, les photos, les enregistrements VIP et les d\u00e9parts tardifs.<\/span><\/p>\n<p><span style=\"font-weight: 400; color: #ffffff;\">Facilitez les choses pour les entreprises d\u2019entretien m\u00e9nager et les soci\u00e9t\u00e9s de gestion immobili\u00e8re.<\/span><\/p>\n<h2><span style=\"font-weight: 400; color: #ffffff;\">Cleanster.com\u00a0Cleaning Calendar App<\/span><\/h2>\n<p><span style=\"font-weight: 400; color: #ffffff;\">If you do not want to email your calendar to the cleaner to avoid typing dates and updating, try the Cleanster.com. The Cleanster.com app will help you to sync with your Airbnb account. Using our Cleanster.com app, you can use images, so the cleaner knows what to look out for and send it to them. Send your Airbnb calendar link to your cleanser for the booking dates.<\/span><\/p>\n<h2><span style=\"font-weight: 400; color: #ffffff;\">Cleanster.com Airbnb Cleaning Checklist<\/span><\/h2>\n<p><span style=\"font-weight: 400; color: #ffffff;\">Our professional cleaners will deeply clean and sanitize every piece of furniture and electronic device, wash and change sheets and towels, make hotel-style beds, and deep clean the kitchen and bathroom. They will sweep and mop the floors and vacuum the carpets. Take out the trash. Refill essentials, and toiletry, and clean and bright mirrors. We are dedicated and very knowledgeable in providing high-quality cleaning results.<\/span><\/p>","protected":false},"excerpt":{"rendered":"<p>App for Airbnb cleaning service in Toronto, ON Keep your property clean and organized so you can increase your client&#8217;s rating or review by using our Airbnb cleaning app in Toronto, ON. Using the Cleanster.com\u00a0app for Airbnb cleaning app, you can get excellent and professional-grade cleaning for your place to ensure your customers are satisfied [&hellip;]<\/p>\n","protected":false},"author":1,"featured_media":16058,"parent":0,"menu_order":0,"comment_status":"closed","ping_status":"closed","template":"templates\/services.php","meta":{"_acf_changed":false,"footnotes":""},"class_list":["post-5979","page","type-page","status-publish","has-post-thumbnail","hentry","entry"],"acf":[],"aioseo_notices":[],"_links":{"self":[{"href":"https:\/\/cleanster.ca\/fr\/wp-json\/wp\/v2\/pages\/5979","targetHints":{"allow":["GET"]}}],"collection":[{"href":"https:\/\/cleanster.ca\/fr\/wp-json\/wp\/v2\/pages"}],"about":[{"href":"https:\/\/cleanster.ca\/fr\/wp-json\/wp\/v2\/types\/page"}],"author":[{"embeddable":true,"href":"https:\/\/cleanster.ca\/fr\/wp-json\/wp\/v2\/users\/1"}],"replies":[{"embeddable":true,"href":"https:\/\/cleanster.ca\/fr\/wp-json\/wp\/v2\/comments?post=5979"}],"version-history":[{"count":0,"href":"https:\/\/cleanster.ca\/fr\/wp-json\/wp\/v2\/pages\/5979\/revisions"}],"wp:featuredmedia":[{"embeddable":true,"href":"https:\/\/cleanster.ca\/fr\/wp-json\/wp\/v2\/media\/16058"}],"wp:attachment":[{"href":"https:\/\/cleanster.ca\/fr\/wp-json\/wp\/v2\/media?parent=5979"}],"curies":[{"name":"wp","href":"https:\/\/api.w.org\/{rel}","templated":true}]}}