{"id":6180,"date":"2022-10-26T17:23:18","date_gmt":"2022-10-26T17:23:18","guid":{"rendered":"http:\/\/cleanster.ca\/?page_id=6180"},"modified":"2024-01-08T05:16:56","modified_gmt":"2024-01-08T05:16:56","slug":"airbnb-cleaning-in-chicago-il","status":"publish","type":"page","link":"https:\/\/cleanster.ca\/fr\/nettoyage-airbnb-a-chicago-il\/","title":{"rendered":"Nettoyage Airbnb \u00e0 Chicago, Illinois"},"content":{"rendered":"<h2><span style=\"color: #ffffff;\"><span style=\"font-weight: 400;\">App for Airbnb cleaning service in <\/span><span style=\"font-weight: 400;\">Chicago, IL<\/span><\/span><\/h2>\n<p><span style=\"color: #ffffff;\"><span style=\"font-weight: 400;\">Keep your property clean and organized so you can increase your client&#8217;s rating or review by using our Airbnb cleaning app in <\/span><span style=\"font-weight: 400;\">Chicago, IL<\/span><b>. <\/b><span style=\"font-weight: 400;\">Using the Cleanster.com<\/span><a style=\"color: #ffffff;\" href=\"https:\/\/cleanster.ca\/\"><span style=\"font-weight: 400;\">\u00a0app<\/span><\/a><span style=\"font-weight: 400;\"> for Airbnb cleaning app, you can get excellent and professional-grade cleaning for your place to ensure your customers are satisfied with your hosting professionalism. As an entrepreneur or a homeowner, starting your business with Cleanster.com would benefit you, and it can be a good choice for your business. The Cleanster.com<\/span><b>\u00a0L&#039;application rend les choses faciles et garde tout professionnel. <\/b><span style=\"font-weight: 400;\">Maintenant, nous servons l&#039;ensemble<\/span> <a style=\"color: #ffffff;\" href=\"https:\/\/en.wikipedia.org\/wiki\/Chicago\"><span style=\"font-weight: 400;\">Chicago, IL<\/span><\/a><\/span><\/p>\n<p><span style=\"color: #ffffff;\"><span style=\"font-weight: 400;\">So if you are looking for an Airbnb Cleaning service in <\/span><span style=\"font-weight: 400;\">Chicago, IL, don&#8217;t<\/span><span style=\"font-weight: 400;\">\u00a0hesitate.<\/span><\/span><\/p>\n<h2><span style=\"font-weight: 400; color: #ffffff;\">Airbnb Cleaning Jobs App<\/span><\/h2>\n<p><span style=\"color: #ffffff;\"><b>Airbnb housekeeping&#8217;s job<\/b><span style=\"font-weight: 400;\"> est de nettoyer votre propri\u00e9t\u00e9 en utilisant des produits et des proc\u00e9d\u00e9s de nettoyage uniques.<\/span><\/span><\/p>\n<p><span style=\"font-weight: 400; color: #ffffff;\">Cela vous aidera \u00e0 respecter votre planning.<\/span><\/p>\n<p><span style=\"font-weight: 400; color: #ffffff;\">\u00a0Vous pouvez effectuer des inspections immobili\u00e8res mobiles pour faire gagner du temps \u00e0 vos gestionnaires immobiliers sur les locations de vacances.\u00a0<\/span><\/p>\n<p><span style=\"font-weight: 400; color: #ffffff;\">You can build your status icons to track notes, photos, VIP check-ins, and late check-outs.<\/span><\/p>\n<p><span style=\"font-weight: 400; color: #ffffff;\">Facilitez les choses pour les entreprises d\u2019entretien m\u00e9nager et les soci\u00e9t\u00e9s de gestion immobili\u00e8re.<\/span><\/p>\n<h2><span style=\"font-weight: 400; color: #ffffff;\">Cleanster.com Cleaning Calendar App<\/span><\/h2>\n<p><span style=\"font-weight: 400; color: #ffffff;\">If you do not want to email your calendar to the cleaner to avoid typing dates and updating, try Cleanster.com. <a style=\"color: #ffffff;\" href=\"https:\/\/cleanster.ca\/\">Cleanster.com<\/a> will help you to sync with your Airbnb account. Using our Cleanster.com, you can use images, so the cleaner knows what to look out for and send it to them. Send your Airbnb calendar link to your cleanser for the booking dates.<\/span><\/p>\n<h2><span style=\"font-weight: 400; color: #ffffff;\">Liste de contr\u00f4le de nettoyage Airbnb<\/span><\/h2>\n<p><span style=\"font-weight: 400; color: #ffffff;\">Our professional cleaners will deeply clean and sanitize every piece of furniture and electronic device, wash and change sheets and towels, make hotel-style beds, and deep clean the kitchen and bathroom. They will sweep and mop the floors and vacuum the carpets. Take out the trash. Refill essentials, and toiletry, and clean and bright mirrors. We are dedicated and very knowledgeable in providing high-quality cleaning results.<\/span><\/p>","protected":false},"excerpt":{"rendered":"<p>App for Airbnb cleaning service in Chicago, IL Keep your property clean and organized so you can increase your client&#8217;s rating or review by using our Airbnb cleaning app in Chicago, IL. Using the Cleanster.com\u00a0app for Airbnb cleaning app, you can get excellent and professional-grade cleaning for your place to ensure your customers are satisfied [&hellip;]<\/p>\n","protected":false},"author":2,"featured_media":16058,"parent":0,"menu_order":0,"comment_status":"closed","ping_status":"closed","template":"templates\/services.php","meta":{"_acf_changed":false,"footnotes":""},"class_list":["post-6180","page","type-page","status-publish","has-post-thumbnail","hentry","entry"],"acf":[],"aioseo_notices":[],"_links":{"self":[{"href":"https:\/\/cleanster.ca\/fr\/wp-json\/wp\/v2\/pages\/6180","targetHints":{"allow":["GET"]}}],"collection":[{"href":"https:\/\/cleanster.ca\/fr\/wp-json\/wp\/v2\/pages"}],"about":[{"href":"https:\/\/cleanster.ca\/fr\/wp-json\/wp\/v2\/types\/page"}],"author":[{"embeddable":true,"href":"https:\/\/cleanster.ca\/fr\/wp-json\/wp\/v2\/users\/2"}],"replies":[{"embeddable":true,"href":"https:\/\/cleanster.ca\/fr\/wp-json\/wp\/v2\/comments?post=6180"}],"version-history":[{"count":0,"href":"https:\/\/cleanster.ca\/fr\/wp-json\/wp\/v2\/pages\/6180\/revisions"}],"wp:featuredmedia":[{"embeddable":true,"href":"https:\/\/cleanster.ca\/fr\/wp-json\/wp\/v2\/media\/16058"}],"wp:attachment":[{"href":"https:\/\/cleanster.ca\/fr\/wp-json\/wp\/v2\/media?parent=6180"}],"curies":[{"name":"wp","href":"https:\/\/api.w.org\/{rel}","templated":true}]}}