{"id":15976,"date":"2023-10-26T15:42:34","date_gmt":"2023-10-26T15:42:34","guid":{"rendered":"https:\/\/cleanster.ca\/?page_id=15976"},"modified":"2024-03-22T08:23:21","modified_gmt":"2024-03-22T08:23:21","slug":"homepage","status":"publish","type":"page","link":"https:\/\/cleanster.ca\/it\/home-page\/","title":{"rendered":"Home page"},"content":{"rendered":"<h1><span style=\"color: #ffffff;\">Cleanster.com \u00e8 la migliore applicazione di servizi di pulizia per trovare addetti alle pulizie di Airbnb e programmare la pulizia automaticamente.<\/span><\/h1>\n<h1><span style=\"color: #ffffff;\">Un tuffo nel mondo degli affitti per le vacanze e del car sharing\u201d<\/span><\/h1>\n<h3><span style=\"color: #ffffff;\"><strong>Esplorando il mondo delle case vacanze Airbnb e VRBO<\/strong><\/span><\/h3>\n<h1><span style=\"color: #ffffff;\"><strong>\u00a0Il volto mutevole dei soggiorni vacanza: Airbnb e VRBO<\/strong><\/span><\/h1>\n<p><span style=\"color: #ffffff;\">Benvenuti nell&#039;entusiasmante mondo dei viaggi moderni, dove i tradizionali soggiorni in hotel vengono trasformati dall&#039;aumento degli affitti per le vacanze attraverso piattaforme come Airbnb e VRBO. Sono finiti i tempi in cui gli hotel erano l\u2019unica opzione per i viaggiatori. Oggi, le case vacanze offrono un modo unico e personalizzato per vivere nuove destinazioni. Dagli accoglienti appartamenti in citt\u00e0 alle vaste case sulla spiaggia, piattaforme come Airbnb e VRBO offrono una miriade di opzioni per ogni tipo di viaggiatore.<\/span><\/p>\n<p><span style=\"color: #ffffff;\">Il vantaggio principale? Una casa lontano da casa. Queste piattaforme offrono il comfort e la comodit\u00e0 di uno spazio abitativo completamente arredato, completo di cucine, stanze private e, spesso, tocchi locali unici che rendono speciale il tuo soggiorno.<\/span><\/p>\n<h3><span style=\"color: #ffffff;\"><strong>Navigare nel trend in crescita del Car Sharing Turo e Air B&amp;B<\/strong><\/span><\/h3>\n<h1><span style=\"color: #ffffff;\"><strong>L&#039;ascesa del car sharing peer-to-peer: Turo e Air B e B<\/strong><\/span><\/h1>\n<p><span style=\"color: #ffffff;\">Ma viaggiare non riguarda solo il luogo in cui soggiorni; dipende anche da come ti muovi. Entra nei servizi di car sharing di Turo e Air B&amp;B. Questo approccio innovativo al noleggio auto ti consente di noleggiare i veicoli direttamente dai loro proprietari. Che tu abbia bisogno di un&#039;auto compatta per la guida in citt\u00e0 o di un SUV per un viaggio in famiglia, Turo e Air B&amp;B offrono una gamma di opzioni.<\/span><\/p>\n<p><span style=\"color: #ffffff;\">Cosa distingue questi servizi? Flessibilit\u00e0 e personalizzazione. Non stai solo noleggiando un&#039;auto; stai ottenendo un veicolo che sembra personale, spesso con consigli e approfondimenti da parte del proprietario stesso. Inoltre, \u00e8 spesso pi\u00f9 conveniente rispetto ai tradizionali servizi di noleggio auto.<\/span><\/p>\n<h3><span style=\"color: #ffffff;\"><strong>Case vacanze Vbro e Airbnb: un confronto completo<\/strong><\/span><\/h3>\n<h1><span style=\"color: #ffffff;\"><strong>\u00a0Confronto delle migliori piattaforme di case vacanze: qual \u00e8 la migliore per il tuo viaggio?<\/strong><\/span><\/h1>\n<p><span style=\"color: #ffffff;\">Con cos\u00ec tante opzioni, scegliere la giusta piattaforma per le case vacanze pu\u00f2 essere travolgente. Confrontiamo Vbro (spesso confuso con VRBO) e Airbnb. Sebbene entrambe le piattaforme offrano un\u2019ampia gamma di propriet\u00e0, ci sono alcune differenze.<\/span><\/p>\n<p><span style=\"color: #ffffff;\">Airbnb \u00e8 noto per le sue diverse offerte, dalle stanze condivise alle case di lusso. Vbro, d&#039;altra parte, si concentra principalmente sugli affitti di intere propriet\u00e0, rendendolo un punto di riferimento per famiglie e gruppi pi\u00f9 grandi. Anche le strutture dei prezzi variano, con Airbnb che offre opzioni di prezzo pi\u00f9 flessibili e Vbro che spesso si rivolge ad annunci pi\u00f9 premium.<\/span><\/p>\n<p><span style=\"color: #ffffff;\">In qualit\u00e0 di esperto gestore di propriet\u00e0 e ospitale host Airbnb, accedo regolarmente ai miei account Airbnb e VRBO per gestire il mio portafoglio diversificato di case vacanze, tra cui affascinanti case vacanze Airbnb a San Diego, lussuose propriet\u00e0 VRBO in Florida e un esclusivo rifugio VRBO alle Hawaii, mentre anche utilizzando l&#039;IGMS per una gestione efficiente della propriet\u00e0; Mi assicuro che ogni propriet\u00e0, che si tratti di un&#039;accogliente baita Airbnb Asheville o di una casa VRBO Maine sulla spiaggia, sia mantenuta secondo gli standard pi\u00f9 elevati con i migliori prodotti per la pulizia e servizi di pulizia professionali, controllando frequentemente le recensioni di Airbnb e VRBO per il feedback degli ospiti e anche considerando ulteriori offerte come telecamere di sicurezza esterne per una maggiore sicurezza, il tutto tenendo d&#039;occhio eventi come C2E2 Chicago o Miramar Air Show per adattare le mie strategie di noleggio e, talvolta, esplorando Turo per opzioni uniche di noleggio auto per i miei ospiti, assicurando ogni soggiorno, da un Airbnb soggiornare nella vivace Chicago in un sereno VRBO in Costa Rica, \u00e8 memorabile e confortevole.<\/span><\/p>\n<p><span style=\"color: #ffffff;\">Nel mio ruolo di host Airbnb dedicato e gestore di propriet\u00e0 VRBO, mi impegno spesso in una serie di compiti, dal garantire servizi di pulizia impeccabili vicino a me per i miei affitti Airbnb in localit\u00e0 vivaci come Airbnb Miami, Airbnb Las Vegas e Airbnb Chicago, alla gestione il processo di accesso a Airbnb e la risposta alle domande sugli affitti mensili di Airbnb; Seleziono meticolosamente i migliori prodotti per la pulizia per ogni accesso VRBO, comprese le mie propriet\u00e0 in VRBO Costa Rica e VRBO Michigan, e rimango sempre aggiornato con gli ultimi consigli per la pulizia e i migliori aspirapolvere per mantenere i pi\u00f9 alti standard di pulizia, sia che si tratti di un VRBO Maine annuncio o un appartamento Airbnb a San Diego, utilizzando anche l&#039;accesso del proprietario VRBO e l&#039;accesso del proprietario Airbnb per tenere traccia delle prenotazioni, in particolare durante eventi ad alta richiesta come l&#039;Epcot Food and Wine festival, la parata di Gasparilla o C2E2 a Chicago, e mantenendo la comunicazione con la casa addetti alle pulizie vicino a me per garantire che ogni propriet\u00e0, comprese quelle su Airbnb Key West o VRBO Asheville NC, sia in ottime condizioni, offrendo agli ospiti un&#039;esperienza senza precedenti sia che soggiornino in un noleggio Airbnb ad Austin o che esplorino opzioni come Airbnb Londra Inghilterra, il tutto mentre bilanciare le mie responsabilit\u00e0 come gestore di propriet\u00e0 Airbnb e utilizzare piattaforme come Lodgify e Mashvisor per semplificare le operazioni e ottimizzare i miei annunci Airbnb e VRBO per prestazioni migliori.<\/span><\/p>\n<p>&nbsp;<\/p>\n<p>&nbsp;<\/p>\n<h3><span style=\"color: #ffffff;\"><strong>Migliorare il tuo viaggio: i vantaggi di Turo e Air B e B<\/strong><\/span><\/h3>\n<h1><span style=\"color: #ffffff;\"><strong>Massimizza la tua esperienza di viaggio con il car sharing<\/strong><\/span><\/h1>\n<p><span style=\"color: #ffffff;\">Il car sharing non \u00e8 solo una questione di comodit\u00e0; si tratta di migliorare la tua esperienza di viaggio. Servizi come Turo e Air B and B ti consentono di scegliere un&#039;auto adatta alle tue esigenze e al tuo stile specifici. Guidare l&#039;auto che ami pu\u00f2 rendere il tuo viaggio pi\u00f9 piacevole. Inoltre, queste piattaforme spesso offrono auto che non sono disponibili tramite le tradizionali agenzie di noleggio, dai classici vintage agli ultimi modelli elettrici.<\/span><\/p>\n<p><span style=\"color: #ffffff;\">Nel mio ampio viaggio come gestore di propriet\u00e0 Airbnb e VRBO, ho ampliato il mio portafoglio per includere diverse offerte come propriet\u00e0 Airbnb nel Regno Unito, appartamenti VRBO a Londra e soggiorni unici ad Airbnb Asheville NC, gestendo anche attici VRBO a New York e la spiaggia di Airbnb in Florida. case, assicurando che ognuna sia dotata delle migliori serrature intelligenti e dotata degli elementi essenziali per la cucina; le mie responsabilit\u00e0 si estendono alla supervisione dei servizi di pulizia di Airbnb in varie localit\u00e0, da Airbnb Colorado Springs a Airbnb Tampa, assicurando che ogni propriet\u00e0, che si tratti di un condominio nel centro di Airbnb Austin TX o di una remota baita di montagna VRBO Utah, riceva servizi di pulizia della casa di prim&#039;ordine vicino a me, e rimango in contatto con la community di Airbnb attraverso forum ed eventi di hosting di Airbnb come la maratona di Nashville, aggiornando costantemente le informazioni di accesso di Airbnb per motivi di sicurezza e tenendo d&#039;occhio i siti dei concorrenti di Airbnb; Esploro anche opportunit\u00e0 di espansione, come prendere in considerazione gli affitti mensili di Airbnb a Airbnb San Diego CA o Airbnb Santa Barbara, assicurandomi sempre che ogni propriet\u00e0 Airbnb e VRBO, che si tratti di una casa Airbnb a Boston o di una villa VRBO in Costa Rica, sia all&#039;altezza delle pi\u00f9 recente in termini di standard per le case vacanze, utilizzando l&#039;accesso dell&#039;host Airbnb per controllare le recensioni e rispondere prontamente alle richieste degli ospiti, il tutto mentre si naviga nelle complessit\u00e0 della gestione della propriet\u00e0 con strumenti come OwnerRez e IGMS e rimanendo informati sugli eventi locali come Colorado Springs Events o Epcot Food e Wine Festival per adattare di conseguenza le mie strategie di noleggio. Nel mio poliedrico ruolo di host Airbnb e VRBO, aggiorno costantemente le mie propriet\u00e0, tra cui un eclettico cottage Airbnb Charleston SC e una spaziosa casa fronte mare VRBO Destin, assicurandomi che siano dotate di telecamere di sicurezza esterne e pulite dai migliori servizi di pulizia vicino a me , mantenendosi al passo con le recensioni di Airbnb e VRBO per mantenere un&#039;elevata soddisfazione degli ospiti; Mi tengo informato su eventi come la Maratona di Nashville e l&#039;Epcot Food and Wine Festival, che influenzano la domanda di affitto per i miei annunci Airbnb Atlanta e VRBO Wisconsin, e accedo regolarmente al mio login di proprietario Airbnb e al login di proprietario VRBO per gestire le prenotazioni e rivedere i suggerimenti per la pulizia, garantire che propriet\u00e0 come il mio Airbnb Savannah e VRBO Asheville NC siano all&#039;altezza, complete dei migliori prodotti e servizi per la pulizia degli addetti alle pulizie vicino a me; i miei compiti prevedono anche il coinvolgimento con piattaforme come Lodgify per una gestione efficiente, l&#039;esplorazione delle opportunit\u00e0 di affitti mensili di Airbnb in localit\u00e0 vivaci come Airbnb San Diego CA e Airbnb Santa Barbara e la considerazione dell&#039;installazione delle migliori serrature intelligenti per le mie propriet\u00e0 Airbnb Austin e VRBO Maine, tutto garantendo al tempo stesso che ogni soggiorno, che si tratti di un appartamento Airbnb sulla spiaggia di Miami o di un&#039;accogliente cabina VRBO nello Utah, offra un&#039;esperienza memorabile e sicura per ogni ospite.<\/span><\/p>\n<p>&nbsp;<\/p>\n<h3><span style=\"color: #ffffff;\"><strong>Il panorama in evoluzione dei viaggi: piattaforme di noleggio e condivisione<\/strong><\/span><\/h3>\n<h1><span style=\"color: #ffffff;\"><strong>Conclusione: abbracciare il futuro dei viaggi<\/strong><\/span><\/h1>\n<p><span style=\"color: #ffffff;\">Guardando al futuro, \u00e8 chiaro che il panorama dei viaggi \u00e8 in rapida evoluzione. Le piattaforme di noleggio vacanze e di car sharing come Airbnb, VRBO, Turo e Air B and B sono in prima linea in questo cambiamento. Offrono ai viaggiatori flessibilit\u00e0, variet\u00e0 e personalizzazione senza precedenti.<\/span><\/p>\n<p><span style=\"color: #ffffff;\">L\u2019industria dei viaggi non riguarda pi\u00f9 solo lo spostamento dal punto A al punto B o la ricerca di un posto dove dormire. Si tratta di creare un&#039;esperienza unica come ogni viaggiatore. Con queste piattaforme, le possibilit\u00e0 sono infinite e il futuro dei viaggi appare pi\u00f9 luminoso ed entusiasmante che mai.<\/span><\/p>\n<p>&nbsp;<\/p>\n<p>&nbsp;<\/p>","protected":false},"excerpt":{"rendered":"<p>Cleanster.com is the best cleaning service application for finding airbnb cleaners and schedule cleaning automatically. A Deep Dive into Vacation Rentals and Car Sharing&#8221; Exploring the World of Airbnb Vacation Rentals and VRBO \u00a0The Changing Face of Vacation Stays: Airbnb and VRBO Welcome to the exciting world of modern travel, where the traditional hotel stays [&hellip;]<\/p>\n","protected":false},"author":1,"featured_media":0,"parent":0,"menu_order":0,"comment_status":"closed","ping_status":"closed","template":"templates\/index.php","meta":{"_acf_changed":false,"footnotes":""},"class_list":["post-15976","page","type-page","status-publish","hentry","entry"],"acf":[],"aioseo_notices":[],"_links":{"self":[{"href":"https:\/\/cleanster.ca\/it\/wp-json\/wp\/v2\/pages\/15976","targetHints":{"allow":["GET"]}}],"collection":[{"href":"https:\/\/cleanster.ca\/it\/wp-json\/wp\/v2\/pages"}],"about":[{"href":"https:\/\/cleanster.ca\/it\/wp-json\/wp\/v2\/types\/page"}],"author":[{"embeddable":true,"href":"https:\/\/cleanster.ca\/it\/wp-json\/wp\/v2\/users\/1"}],"replies":[{"embeddable":true,"href":"https:\/\/cleanster.ca\/it\/wp-json\/wp\/v2\/comments?post=15976"}],"version-history":[{"count":0,"href":"https:\/\/cleanster.ca\/it\/wp-json\/wp\/v2\/pages\/15976\/revisions"}],"wp:attachment":[{"href":"https:\/\/cleanster.ca\/it\/wp-json\/wp\/v2\/media?parent=15976"}],"curies":[{"name":"wp","href":"https:\/\/api.w.org\/{rel}","templated":true}]}}