{"id":5944,"date":"2022-10-24T12:16:46","date_gmt":"2022-10-24T12:16:46","guid":{"rendered":"https:\/\/cleanster.ca\/?page_id=5944"},"modified":"2023-09-04T12:49:10","modified_gmt":"2023-09-04T12:49:10","slug":"airbnb-cleaning-near-me","status":"publish","type":"page","link":"https:\/\/cleanster.ca\/pt\/limpeza-do-airbnb-perto-de-mim\/","title":{"rendered":"Limpeza do Airbnb perto de mim"},"content":{"rendered":"<h2><span style=\"font-weight: 400; color: #ffffff;\">App for Airbnb cleaning service near me<\/span><\/h2>\n<p><span style=\"color: #ffffff;\"><span style=\"font-weight: 400;\">Keep your property clean and organized so you can increase your client&#8217;s rating or review by using our Airbnb cleaning app near me<\/span><b>. <\/b><span style=\"font-weight: 400;\">Usando o<\/span><a style=\"color: #ffffff;\" href=\"https:\/\/cleanster.ca\/\"> Cleanster.com<span style=\"font-weight: 400;\">\u00a0app<\/span><\/a><span style=\"font-weight: 400;\"> for Airbnb cleaning app, you can get excellent and professional-grade cleaning for your place to ensure your customers are satisfied with your hosting professionalism. As an entrepreneur or a homeowner, starting your business with the Cleanster.com app would benefit you, and it can be a good choice for your business. The Cleanster.com <\/span><b>app facilita as coisas e mant\u00e9m tudo profissional. <\/b><span style=\"font-weight: 400;\">Agora estamos atendendo todo<\/span> <span style=\"font-weight: 400;\">near me<\/span><\/span><\/p>\n<p><span style=\"color: #ffffff;\"><span style=\"font-weight: 400;\">So if you are looking for an Airbnb Cleaning service near me<\/span><b>.<\/b><span style=\"font-weight: 400;\"> Don&#8217;t hesitate.<\/span><\/span><\/p>\n<h2><span style=\"font-weight: 400; color: #ffffff;\">Airbnb Cleaning Jobs App<\/span><\/h2>\n<p><span style=\"color: #ffffff;\"><b>Airbnb housekeeping&#8217;s job<\/b><span style=\"font-weight: 400;\"> \u00e9 limpar sua propriedade usando produtos e processos de limpeza exclusivos.<\/span><\/span><\/p>\n<p><span style=\"font-weight: 400; color: #ffffff;\">Isso o ajudar\u00e1 a acompanhar o agendamento.<\/span><\/p>\n<p><span style=\"font-weight: 400; color: #ffffff;\">\u00a0Voc\u00ea pode fazer inspe\u00e7\u00f5es m\u00f3veis de propriedades para economizar tempo dos gerentes de propriedades em alugu\u00e9is por temporada.\u00a0<\/span><\/p>\n<p><span style=\"font-weight: 400; color: #ffffff;\">Voc\u00ea pode incorporar seus \u00edcones de status para rastrear notas, fotos, check-ins VIP e check-out tardio.<\/span><\/p>\n<p><span style=\"font-weight: 400; color: #ffffff;\">Facilite as coisas para empresas de limpeza e administra\u00e7\u00e3o de propriedades.<\/span><\/p>\n<h2><span style=\"font-weight: 400; color: #ffffff;\">Cleanster.com Cleaning Calendar App<\/span><\/h2>\n<p><span style=\"font-weight: 400; color: #ffffff;\">If you do not want to email your calendar to the cleaner to avoid typing dates and updating, try the Cleanster.com. The Cleanster.com app will help you to sync with your Airbnb account. Using our Cleanster.com app, you can use images, so the cleaner knows what to look out for and send it to them. Send your Airbnb calendar link to your cleanser for the booking dates.<\/span><\/p>\n<h2><span style=\"font-weight: 400; color: #ffffff;\">Cleanster.com Airbnb Cleaning Checklist<\/span><\/h2>\n<p><span style=\"font-weight: 400; color: #ffffff;\">Our professional cleaners will deeply clean and sanitize every piece of furniture and electronic device, wash and change sheets and towels, make hotel-style beds, and deep clean the kitchen and bathroom. They will sweep and mop the floors and vacuum the carpets. Take out the trash. Refill essentials, and toiletry, and clean and bright mirrors. We are dedicated and very knowledgeable in providing high-quality cleaning results.\u00a0<\/span><\/p>","protected":false},"excerpt":{"rendered":"<p>App for Airbnb cleaning service near me Keep your property clean and organized so you can increase your client&#8217;s rating or review by using our Airbnb cleaning app near me. Using the Cleanster.com\u00a0app for Airbnb cleaning app, you can get excellent and professional-grade cleaning for your place to ensure your customers are satisfied with your [&hellip;]<\/p>\n","protected":false},"author":1,"featured_media":8955,"parent":0,"menu_order":0,"comment_status":"closed","ping_status":"closed","template":"templates\/services.php","meta":{"_acf_changed":false,"footnotes":""},"class_list":["post-5944","page","type-page","status-publish","has-post-thumbnail","hentry","entry"],"acf":[],"aioseo_notices":[],"_links":{"self":[{"href":"https:\/\/cleanster.ca\/pt\/wp-json\/wp\/v2\/pages\/5944","targetHints":{"allow":["GET"]}}],"collection":[{"href":"https:\/\/cleanster.ca\/pt\/wp-json\/wp\/v2\/pages"}],"about":[{"href":"https:\/\/cleanster.ca\/pt\/wp-json\/wp\/v2\/types\/page"}],"author":[{"embeddable":true,"href":"https:\/\/cleanster.ca\/pt\/wp-json\/wp\/v2\/users\/1"}],"replies":[{"embeddable":true,"href":"https:\/\/cleanster.ca\/pt\/wp-json\/wp\/v2\/comments?post=5944"}],"version-history":[{"count":0,"href":"https:\/\/cleanster.ca\/pt\/wp-json\/wp\/v2\/pages\/5944\/revisions"}],"wp:featuredmedia":[{"embeddable":true,"href":"https:\/\/cleanster.ca\/pt\/wp-json\/wp\/v2\/media\/8955"}],"wp:attachment":[{"href":"https:\/\/cleanster.ca\/pt\/wp-json\/wp\/v2\/media?parent=5944"}],"curies":[{"name":"wp","href":"https:\/\/api.w.org\/{rel}","templated":true}]}}