{"id":6145,"date":"2022-10-26T17:03:09","date_gmt":"2022-10-26T17:03:09","guid":{"rendered":"http:\/\/cleanster.ca\/?page_id=6145"},"modified":"2024-01-08T05:26:34","modified_gmt":"2024-01-08T05:26:34","slug":"airbnb-cleaning-in-montreal-qc","status":"publish","type":"page","link":"https:\/\/cleanster.ca\/pt\/limpeza-do-airbnb-em-montreal-qc\/","title":{"rendered":"Limpeza do Airbnb em Montreal, QC"},"content":{"rendered":"<h2><span style=\"color: #ffffff;\"><span style=\"font-weight: 400;\">App for Airbnb cleaning service in <\/span><span style=\"font-weight: 400;\">Montreal, QC<\/span><\/span><\/h2>\n<p><span style=\"color: #ffffff;\"><span style=\"font-weight: 400;\">Keep your property clean and organized so you can increase your client&#8217;s rating or review by using our Airbnb cleaning app in <\/span><span style=\"font-weight: 400;\">Montreal, QC<\/span><b>. <\/b><span style=\"font-weight: 400;\">Usando o<\/span> Limpador<span style=\"font-weight: 400;\"> .com app<\/span><span style=\"font-weight: 400;\"> para o aplicativo de limpeza do Airbnb, voc\u00ea pode obter uma limpeza excelente e de n\u00edvel profissional para seu local, para garantir que seus clientes fiquem satisfeitos com seu profissionalismo de hospedagem. Como empres\u00e1rio ou propriet\u00e1rio, iniciar o seu neg\u00f3cio com o <a style=\"color: #ffffff;\" href=\"https:\/\/cleanster.ca\/\">Cleanster.com<\/a> would benefit you, and it can be a good choice for your business. The Cleanster.com<\/span><b> app facilita as coisas e mant\u00e9m tudo profissional. <\/b><span style=\"font-weight: 400;\">Agora estamos atendendo todo<\/span> <a style=\"color: #ffffff;\" href=\"https:\/\/en.wikipedia.org\/wiki\/Montreal\"><span style=\"font-weight: 400;\">Montreal, QC<\/span><\/a><\/span><\/p>\n<p><span style=\"color: #ffffff;\"><span style=\"font-weight: 400;\">So if you are looking for Airbnb Cleaning in <\/span><span style=\"font-weight: 400;\">Montreal, QC<\/span><b>.<\/b><span style=\"font-weight: 400;\"> Don&#8217;t hesitate.<\/span><\/span><\/p>\n<h2><span style=\"font-weight: 400; color: #ffffff;\">Airbnb Cleaning Jobs App<\/span><\/h2>\n<p><span style=\"color: #ffffff;\"><b>Airbnb housekeeping&#8217;s job<\/b><span style=\"font-weight: 400;\"> \u00e9 limpar sua propriedade usando produtos e processos de limpeza exclusivos.<\/span><\/span><\/p>\n<p><span style=\"font-weight: 400; color: #ffffff;\">Isso o ajudar\u00e1 a acompanhar o agendamento.<\/span><\/p>\n<p><span style=\"font-weight: 400; color: #ffffff;\"> Voc\u00ea pode fazer inspe\u00e7\u00f5es m\u00f3veis de propriedades para economizar tempo dos gerentes de propriedades em alugu\u00e9is por temporada. <\/span><\/p>\n<p><span style=\"font-weight: 400; color: #ffffff;\">Voc\u00ea pode incorporar seus \u00edcones de status para rastrear notas, fotos, check-ins VIP e check-out tardio.<\/span><\/p>\n<p><span style=\"font-weight: 400; color: #ffffff;\">Facilite as coisas para empresas de limpeza e administra\u00e7\u00e3o de propriedades.<\/span><\/p>\n<h2><span style=\"font-weight: 400; color: #ffffff;\">Cleanster.com Cleaning Calendar App<\/span><\/h2>\n<p><span style=\"font-weight: 400; color: #ffffff;\">If you do not want to email your calendar to the cleaner to avoid typing dates and updating, try the Cleanster.com. The Cleanster.com will help you to sync with your Airbnb account. Using our Cleanster.com, you can use images, so the cleaner knows what to look out for and send it to them. Send your Airbnb calendar link to your cleanser for the booking dates.<\/span><\/p>\n<h2><span style=\"font-weight: 400; color: #ffffff;\">Cleanster.com Airbnb Cleaning Checklist<\/span><\/h2>\n<p><span style=\"font-weight: 400; color: #ffffff;\">Our professional cleaners will deeply clean and sanitize every piece of furniture and electronic device, wash and change sheets and towels, make hotel-style beds, and deep clean the kitchen and bathroom. They will sweep and mop the floors and vacuum the carpets. Take out the trash. Refill essentials, and toiletry, and clean and bright mirrors. We are dedicated and very knowledgeable in providing high-quality cleaning results. <\/span><\/p>","protected":false},"excerpt":{"rendered":"<p>App for Airbnb cleaning service in Montreal, QC Keep your property clean and organized so you can increase your client&#8217;s rating or review by using our Airbnb cleaning app in Montreal, QC. Using the Cleanster .com app for Airbnb cleaning app, you can get excellent and professional-grade cleaning for your place to ensure your customers [&hellip;]<\/p>\n","protected":false},"author":1,"featured_media":16058,"parent":0,"menu_order":0,"comment_status":"closed","ping_status":"closed","template":"templates\/services.php","meta":{"_acf_changed":false,"footnotes":""},"class_list":["post-6145","page","type-page","status-publish","has-post-thumbnail","hentry","entry"],"acf":[],"aioseo_notices":[],"_links":{"self":[{"href":"https:\/\/cleanster.ca\/pt\/wp-json\/wp\/v2\/pages\/6145","targetHints":{"allow":["GET"]}}],"collection":[{"href":"https:\/\/cleanster.ca\/pt\/wp-json\/wp\/v2\/pages"}],"about":[{"href":"https:\/\/cleanster.ca\/pt\/wp-json\/wp\/v2\/types\/page"}],"author":[{"embeddable":true,"href":"https:\/\/cleanster.ca\/pt\/wp-json\/wp\/v2\/users\/1"}],"replies":[{"embeddable":true,"href":"https:\/\/cleanster.ca\/pt\/wp-json\/wp\/v2\/comments?post=6145"}],"version-history":[{"count":0,"href":"https:\/\/cleanster.ca\/pt\/wp-json\/wp\/v2\/pages\/6145\/revisions"}],"wp:featuredmedia":[{"embeddable":true,"href":"https:\/\/cleanster.ca\/pt\/wp-json\/wp\/v2\/media\/16058"}],"wp:attachment":[{"href":"https:\/\/cleanster.ca\/pt\/wp-json\/wp\/v2\/media?parent=6145"}],"curies":[{"name":"wp","href":"https:\/\/api.w.org\/{rel}","templated":true}]}}